{"id":57,"date":"2025-05-14T23:17:32","date_gmt":"2025-05-14T23:17:32","guid":{"rendered":"https:\/\/raizer.cl\/?post_type=product&#038;p=57"},"modified":"2025-06-05T23:39:49","modified_gmt":"2025-06-05T23:39:49","slug":"limonada-frutilla","status":"publish","type":"product","link":"https:\/\/raizer.cl\/index.php\/producto\/limonada-frutilla\/","title":{"rendered":"Limonada Frutilla"},"content":{"rendered":"<p>Producto elaborado a partir de lim\u00f3n y lim\u00f3n de Pica rallado, combinado con frutilla triturado y prensado. Procesado con tecnolog\u00eda adecuada y seg\u00fan Buenas Pr\u00e1cticas de Fabricaci\u00f3n.<\/p>\n<p><img fetchpriority=\"high\" decoding=\"async\" class=\"alignnone size-medium wp-image-47\" src=\"https:\/\/raizer.cl\/wp-content\/uploads\/2025\/05\/Info-nutricional-03-300x208.png\" alt=\"\" width=\"300\" height=\"208\" srcset=\"https:\/\/raizer.cl\/wp-content\/uploads\/2025\/05\/Info-nutricional-03-300x208.png 300w, https:\/\/raizer.cl\/wp-content\/uploads\/2025\/05\/Info-nutricional-03-1024x711.png 1024w, https:\/\/raizer.cl\/wp-content\/uploads\/2025\/05\/Info-nutricional-03-768x533.png 768w, https:\/\/raizer.cl\/wp-content\/uploads\/2025\/05\/Info-nutricional-03-600x417.png 600w, https:\/\/raizer.cl\/wp-content\/uploads\/2025\/05\/Info-nutricional-03.png 1182w\" sizes=\"(max-width: 300px) 100vw, 300px\" \/><\/p>\n","protected":false},"excerpt":{"rendered":"<p>Ligera y antioxidante. La frutilla aporta vitamina C y antocianinas que protegen la piel y combaten el envejecimiento celular. Con lim\u00f3n, resulta ideal para hidratar y cuidar desde dentro.<\/p>\n","protected":false},"featured_media":84,"template":"","meta":{"site-sidebar-layout":"default","site-content-layout":"","ast-site-content-layout":"default","site-content-style":"default","site-sidebar-style":"default","ast-global-header-display":"","ast-banner-title-visibility":"","ast-main-header-display":"","ast-hfb-above-header-display":"","ast-hfb-below-header-display":"","ast-hfb-mobile-header-display":"","site-post-title":"","ast-breadcrumbs-content":"","ast-featured-img":"","footer-sml-layout":"","theme-transparent-header-meta":"default","adv-header-id-meta":"","stick-header-meta":"","header-above-stick-meta":"","header-main-stick-meta":"","header-below-stick-meta":"","astra-migrate-meta-layouts":"set","ast-page-background-enabled":"default","ast-page-background-meta":{"desktop":{"background-color":"var(--ast-global-color-5)","background-image":"","background-repeat":"repeat","background-position":"center center","background-size":"auto","background-attachment":"scroll","background-type":"","background-media":"","overlay-type":"","overlay-color":"","overlay-opacity":"","overlay-gradient":""},"tablet":{"background-color":"","background-image":"","background-repeat":"repeat","background-position":"center center","background-size":"auto","background-attachment":"scroll","background-type":"","background-media":"","overlay-type":"","overlay-color":"","overlay-opacity":"","overlay-gradient":""},"mobile":{"background-color":"","background-image":"","background-repeat":"repeat","background-position":"center center","background-size":"auto","background-attachment":"scroll","background-type":"","background-media":"","overlay-type":"","overlay-color":"","overlay-opacity":"","overlay-gradient":""}},"ast-content-background-meta":{"desktop":{"background-color":"var(--ast-global-color-4)","background-image":"","background-repeat":"repeat","background-position":"center center","background-size":"auto","background-attachment":"scroll","background-type":"","background-media":"","overlay-type":"","overlay-color":"","overlay-opacity":"","overlay-gradient":""},"tablet":{"background-color":"var(--ast-global-color-4)","background-image":"","background-repeat":"repeat","background-position":"center center","background-size":"auto","background-attachment":"scroll","background-type":"","background-media":"","overlay-type":"","overlay-color":"","overlay-opacity":"","overlay-gradient":""},"mobile":{"background-color":"var(--ast-global-color-4)","background-image":"","background-repeat":"repeat","background-position":"center center","background-size":"auto","background-attachment":"scroll","background-type":"","background-media":"","overlay-type":"","overlay-color":"","overlay-opacity":"","overlay-gradient":""}}},"product_brand":[],"product_cat":[17],"product_tag":[],"class_list":{"0":"post-57","1":"product","2":"type-product","3":"status-publish","4":"has-post-thumbnail","6":"product_cat-esencia-limon","7":"desktop-align-left","8":"tablet-align-left","9":"mobile-align-left","11":"first","12":"instock","13":"shipping-taxable","14":"purchasable","15":"product-type-simple"},"_links":{"self":[{"href":"https:\/\/raizer.cl\/index.php\/wp-json\/wp\/v2\/product\/57","targetHints":{"allow":["GET"]}}],"collection":[{"href":"https:\/\/raizer.cl\/index.php\/wp-json\/wp\/v2\/product"}],"about":[{"href":"https:\/\/raizer.cl\/index.php\/wp-json\/wp\/v2\/types\/product"}],"wp:featuredmedia":[{"embeddable":true,"href":"https:\/\/raizer.cl\/index.php\/wp-json\/wp\/v2\/media\/84"}],"wp:attachment":[{"href":"https:\/\/raizer.cl\/index.php\/wp-json\/wp\/v2\/media?parent=57"}],"wp:term":[{"taxonomy":"product_brand","embeddable":true,"href":"https:\/\/raizer.cl\/index.php\/wp-json\/wp\/v2\/product_brand?post=57"},{"taxonomy":"product_cat","embeddable":true,"href":"https:\/\/raizer.cl\/index.php\/wp-json\/wp\/v2\/product_cat?post=57"},{"taxonomy":"product_tag","embeddable":true,"href":"https:\/\/raizer.cl\/index.php\/wp-json\/wp\/v2\/product_tag?post=57"}],"curies":[{"name":"wp","href":"https:\/\/api.w.org\/{rel}","templated":true}]}}