{"id":58,"date":"2025-05-14T23:19:30","date_gmt":"2025-05-14T23:19:30","guid":{"rendered":"https:\/\/raizer.cl\/?post_type=product&#038;p=58"},"modified":"2025-06-06T01:45:19","modified_gmt":"2025-06-06T01:45:19","slug":"naranja-limon","status":"publish","type":"product","link":"https:\/\/raizer.cl\/index.php\/producto\/naranja-limon\/","title":{"rendered":"Naranja Lim\u00f3n"},"content":{"rendered":"<p>Producto elaborado a partir de lim\u00f3n y lim\u00f3n de Pica rallado, combinado con naranja triturado y prensado. Procesado con tecnolog\u00eda adecuada y seg\u00fan Buenas Pr\u00e1cticas de Fabricaci\u00f3n.<\/p>\n<p><img fetchpriority=\"high\" decoding=\"async\" class=\"alignnone size-medium wp-image-48\" src=\"https:\/\/raizer.cl\/wp-content\/uploads\/2025\/05\/Info-nutricional-04-300x208.png\" alt=\"\" width=\"300\" height=\"208\" srcset=\"https:\/\/raizer.cl\/wp-content\/uploads\/2025\/05\/Info-nutricional-04-300x208.png 300w, https:\/\/raizer.cl\/wp-content\/uploads\/2025\/05\/Info-nutricional-04-1024x711.png 1024w, https:\/\/raizer.cl\/wp-content\/uploads\/2025\/05\/Info-nutricional-04-768x533.png 768w, https:\/\/raizer.cl\/wp-content\/uploads\/2025\/05\/Info-nutricional-04-600x417.png 600w, https:\/\/raizer.cl\/wp-content\/uploads\/2025\/05\/Info-nutricional-04.png 1182w\" sizes=\"(max-width: 300px) 100vw, 300px\" \/><\/p>\n","protected":false},"excerpt":{"rendered":"<p>Un shot c\u00edtrico de vitalidad. Alto en vitamina C, este jugo estimula las defensas y despierta los sentidos. Refrescante y potente, ideal para empezar el d\u00eda con energ\u00eda.<\/p>\n","protected":false},"featured_media":82,"template":"","meta":{"site-sidebar-layout":"default","site-content-layout":"","ast-site-content-layout":"default","site-content-style":"default","site-sidebar-style":"default","ast-global-header-display":"","ast-banner-title-visibility":"","ast-main-header-display":"","ast-hfb-above-header-display":"","ast-hfb-below-header-display":"","ast-hfb-mobile-header-display":"","site-post-title":"","ast-breadcrumbs-content":"","ast-featured-img":"","footer-sml-layout":"","theme-transparent-header-meta":"default","adv-header-id-meta":"","stick-header-meta":"","header-above-stick-meta":"","header-main-stick-meta":"","header-below-stick-meta":"","astra-migrate-meta-layouts":"set","ast-page-background-enabled":"default","ast-page-background-meta":{"desktop":{"background-color":"var(--ast-global-color-5)","background-image":"","background-repeat":"repeat","background-position":"center center","background-size":"auto","background-attachment":"scroll","background-type":"","background-media":"","overlay-type":"","overlay-color":"","overlay-opacity":"","overlay-gradient":""},"tablet":{"background-color":"","background-image":"","background-repeat":"repeat","background-position":"center center","background-size":"auto","background-attachment":"scroll","background-type":"","background-media":"","overlay-type":"","overlay-color":"","overlay-opacity":"","overlay-gradient":""},"mobile":{"background-color":"","background-image":"","background-repeat":"repeat","background-position":"center center","background-size":"auto","background-attachment":"scroll","background-type":"","background-media":"","overlay-type":"","overlay-color":"","overlay-opacity":"","overlay-gradient":""}},"ast-content-background-meta":{"desktop":{"background-color":"var(--ast-global-color-4)","background-image":"","background-repeat":"repeat","background-position":"center center","background-size":"auto","background-attachment":"scroll","background-type":"","background-media":"","overlay-type":"","overlay-color":"","overlay-opacity":"","overlay-gradient":""},"tablet":{"background-color":"var(--ast-global-color-4)","background-image":"","background-repeat":"repeat","background-position":"center center","background-size":"auto","background-attachment":"scroll","background-type":"","background-media":"","overlay-type":"","overlay-color":"","overlay-opacity":"","overlay-gradient":""},"mobile":{"background-color":"var(--ast-global-color-4)","background-image":"","background-repeat":"repeat","background-position":"center center","background-size":"auto","background-attachment":"scroll","background-type":"","background-media":"","overlay-type":"","overlay-color":"","overlay-opacity":"","overlay-gradient":""}}},"product_brand":[],"product_cat":[18],"product_tag":[],"class_list":{"0":"post-58","1":"product","2":"type-product","3":"status-publish","4":"has-post-thumbnail","6":"product_cat-esencia-naranja","7":"desktop-align-left","8":"tablet-align-left","9":"mobile-align-left","11":"first","12":"instock","13":"shipping-taxable","14":"purchasable","15":"product-type-simple"},"_links":{"self":[{"href":"https:\/\/raizer.cl\/index.php\/wp-json\/wp\/v2\/product\/58","targetHints":{"allow":["GET"]}}],"collection":[{"href":"https:\/\/raizer.cl\/index.php\/wp-json\/wp\/v2\/product"}],"about":[{"href":"https:\/\/raizer.cl\/index.php\/wp-json\/wp\/v2\/types\/product"}],"wp:featuredmedia":[{"embeddable":true,"href":"https:\/\/raizer.cl\/index.php\/wp-json\/wp\/v2\/media\/82"}],"wp:attachment":[{"href":"https:\/\/raizer.cl\/index.php\/wp-json\/wp\/v2\/media?parent=58"}],"wp:term":[{"taxonomy":"product_brand","embeddable":true,"href":"https:\/\/raizer.cl\/index.php\/wp-json\/wp\/v2\/product_brand?post=58"},{"taxonomy":"product_cat","embeddable":true,"href":"https:\/\/raizer.cl\/index.php\/wp-json\/wp\/v2\/product_cat?post=58"},{"taxonomy":"product_tag","embeddable":true,"href":"https:\/\/raizer.cl\/index.php\/wp-json\/wp\/v2\/product_tag?post=58"}],"curies":[{"name":"wp","href":"https:\/\/api.w.org\/{rel}","templated":true}]}}