{"id":62,"date":"2025-05-14T23:37:39","date_gmt":"2025-05-14T23:37:39","guid":{"rendered":"https:\/\/raizer.cl\/?post_type=product&#038;p=62"},"modified":"2025-05-17T17:22:40","modified_gmt":"2025-05-17T17:22:40","slug":"mani-chocolate","status":"publish","type":"product","link":"https:\/\/raizer.cl\/index.php\/producto\/mani-chocolate\/","title":{"rendered":"Mani Chocolate"},"content":{"rendered":"<p>Mani tostado, Pasta de cacao, Manteca de cacao, Az\u00facar, Leche en polvo, Emulsionantes, Saborizantes<\/p>\n<p><img fetchpriority=\"high\" decoding=\"async\" class=\"alignnone size-medium wp-image-53\" src=\"https:\/\/raizer.cl\/wp-content\/uploads\/2025\/05\/Info-nutricional-09-300x276.png\" alt=\"\" width=\"300\" height=\"276\" srcset=\"https:\/\/raizer.cl\/wp-content\/uploads\/2025\/05\/Info-nutricional-09-300x276.png 300w, https:\/\/raizer.cl\/wp-content\/uploads\/2025\/05\/Info-nutricional-09-1024x942.png 1024w, https:\/\/raizer.cl\/wp-content\/uploads\/2025\/05\/Info-nutricional-09-768x706.png 768w, https:\/\/raizer.cl\/wp-content\/uploads\/2025\/05\/Info-nutricional-09-600x552.png 600w, https:\/\/raizer.cl\/wp-content\/uploads\/2025\/05\/Info-nutricional-09.png 1285w\" sizes=\"(max-width: 300px) 100vw, 300px\" \/><\/p>\n","protected":false},"excerpt":{"rendered":"<p>Delicioso snack elaborado con un equilibrio perfecto entre man\u00ed tostado de alta calidad (50%) y una cobertura suave de chocolate con leche (50%). Esta combinaci\u00f3n ofrece una experiencia crujiente y cremosa al mismo tiempo, ideal como colaci\u00f3n energ\u00e9tica o snack saludable.<\/p>\n","protected":false},"featured_media":255,"template":"","meta":{"site-sidebar-layout":"default","site-content-layout":"","ast-site-content-layout":"default","site-content-style":"default","site-sidebar-style":"default","ast-global-header-display":"","ast-banner-title-visibility":"","ast-main-header-display":"","ast-hfb-above-header-display":"","ast-hfb-below-header-display":"","ast-hfb-mobile-header-display":"","site-post-title":"","ast-breadcrumbs-content":"","ast-featured-img":"","footer-sml-layout":"","theme-transparent-header-meta":"default","adv-header-id-meta":"","stick-header-meta":"","header-above-stick-meta":"","header-main-stick-meta":"","header-below-stick-meta":"","astra-migrate-meta-layouts":"set","ast-page-background-enabled":"default","ast-page-background-meta":{"desktop":{"background-color":"var(--ast-global-color-5)","background-image":"","background-repeat":"repeat","background-position":"center center","background-size":"auto","background-attachment":"scroll","background-type":"","background-media":"","overlay-type":"","overlay-color":"","overlay-opacity":"","overlay-gradient":""},"tablet":{"background-color":"","background-image":"","background-repeat":"repeat","background-position":"center center","background-size":"auto","background-attachment":"scroll","background-type":"","background-media":"","overlay-type":"","overlay-color":"","overlay-opacity":"","overlay-gradient":""},"mobile":{"background-color":"","background-image":"","background-repeat":"repeat","background-position":"center center","background-size":"auto","background-attachment":"scroll","background-type":"","background-media":"","overlay-type":"","overlay-color":"","overlay-opacity":"","overlay-gradient":""}},"ast-content-background-meta":{"desktop":{"background-color":"var(--ast-global-color-4)","background-image":"","background-repeat":"repeat","background-position":"center center","background-size":"auto","background-attachment":"scroll","background-type":"","background-media":"","overlay-type":"","overlay-color":"","overlay-opacity":"","overlay-gradient":""},"tablet":{"background-color":"var(--ast-global-color-4)","background-image":"","background-repeat":"repeat","background-position":"center center","background-size":"auto","background-attachment":"scroll","background-type":"","background-media":"","overlay-type":"","overlay-color":"","overlay-opacity":"","overlay-gradient":""},"mobile":{"background-color":"var(--ast-global-color-4)","background-image":"","background-repeat":"repeat","background-position":"center center","background-size":"auto","background-attachment":"scroll","background-type":"","background-media":"","overlay-type":"","overlay-color":"","overlay-opacity":"","overlay-gradient":""}}},"product_brand":[],"product_cat":[19],"product_tag":[],"class_list":{"0":"post-62","1":"product","2":"type-product","3":"status-publish","4":"has-post-thumbnail","6":"product_cat-mani-premium","7":"desktop-align-left","8":"tablet-align-left","9":"mobile-align-left","11":"first","12":"instock","13":"shipping-taxable","14":"purchasable","15":"product-type-simple"},"_links":{"self":[{"href":"https:\/\/raizer.cl\/index.php\/wp-json\/wp\/v2\/product\/62","targetHints":{"allow":["GET"]}}],"collection":[{"href":"https:\/\/raizer.cl\/index.php\/wp-json\/wp\/v2\/product"}],"about":[{"href":"https:\/\/raizer.cl\/index.php\/wp-json\/wp\/v2\/types\/product"}],"wp:featuredmedia":[{"embeddable":true,"href":"https:\/\/raizer.cl\/index.php\/wp-json\/wp\/v2\/media\/255"}],"wp:attachment":[{"href":"https:\/\/raizer.cl\/index.php\/wp-json\/wp\/v2\/media?parent=62"}],"wp:term":[{"taxonomy":"product_brand","embeddable":true,"href":"https:\/\/raizer.cl\/index.php\/wp-json\/wp\/v2\/product_brand?post=62"},{"taxonomy":"product_cat","embeddable":true,"href":"https:\/\/raizer.cl\/index.php\/wp-json\/wp\/v2\/product_cat?post=62"},{"taxonomy":"product_tag","embeddable":true,"href":"https:\/\/raizer.cl\/index.php\/wp-json\/wp\/v2\/product_tag?post=62"}],"curies":[{"name":"wp","href":"https:\/\/api.w.org\/{rel}","templated":true}]}}